{"id":208,"date":"2020-03-21T16:33:56","date_gmt":"2020-03-21T15:33:56","guid":{"rendered":"http:\/\/www.cvilucenec.sk\/?page_id=208"},"modified":"2023-01-08T20:05:02","modified_gmt":"2023-01-08T19:05:02","slug":"hladate-pomocnu-ruku","status":"publish","type":"page","link":"https:\/\/www.cvilucenec.sk\/?page_id=208","title":{"rendered":"Ako n\u00e1s m\u00f4\u017eete vyh\u013eada\u0165"},"content":{"rendered":"<div id=\"pl-gb208-69ecd29974a58\"  class=\"panel-layout\" ><div id=\"pg-gb208-69ecd29974a58-0\"  class=\"panel-grid panel-no-style\" ><div id=\"pgc-gb208-69ecd29974a58-0-0\"  class=\"panel-grid-cell\" ><div id=\"panel-gb208-69ecd29974a58-0-0-0\" class=\"so-panel widget widget_sow-headline panel-first-child panel-last-child\" data-index=\"0\" ><div\n\t\t\t\n\t\t\tclass=\"so-widget-sow-headline so-widget-sow-headline-default-809c6ba63723-208\"\n\t\t\t\n\t\t><div class=\"sow-headline-container \">\n\t\t\t\t\t\t\t<h3 class=\"sow-headline\">\n\t\t\t\t\t\tOslovte n\u00e1s, ak:\t\t\t\t\t\t<\/h3>\n\t\t\t\t\t\t<\/div>\n<\/div><\/div><\/div><div id=\"pgc-gb208-69ecd29974a58-0-1\"  class=\"panel-grid-cell\" ><div id=\"panel-gb208-69ecd29974a58-0-1-0\" class=\"so-panel widget widget_sow-editor panel-first-child panel-last-child\" data-index=\"1\" ><div\n\t\t\t\n\t\t\tclass=\"so-widget-sow-editor so-widget-sow-editor-base\"\n\t\t\t\n\t\t>\n<div class=\"siteorigin-widget-tinymce textwidget\">\n\t<ol>\n<li>va\u0161e die\u0165atko sa narodilo pred\u010dasne,<br \/>\n<em>alebo\/a<\/em><\/li>\n<li>vo v\u00fdvine V\u00e1\u0161ho die\u0165a\u0165a doch\u00e1dza k oneskorovaniu v niektorej oblasti, k inakostiam, ktor\u00e9 V\u00e1s znepokojuj\u00fa a chcete sa o nich poradi\u0165<br \/>\n<em>alebo\/a<\/em><\/li>\n<li>die\u0165atku bolo diagnostikovan\u00e9 zdravotn\u00e9 znev\u00fdhodnenie a jeho \u010fal\u0161\u00ed v\u00fdvin je rizikov\u00fd<br \/>\n<em>a z\u00e1rove\u0148<\/em><\/li>\n<li>va\u0161e die\u0165a nie je star\u0161ie ako 7 rokov<\/li>\n<\/ol>\n<\/div>\n<\/div><\/div><\/div><\/div><div id=\"pg-gb208-69ecd29974a58-1\"  class=\"panel-grid panel-no-style\" ><div id=\"pgc-gb208-69ecd29974a58-1-0\"  class=\"panel-grid-cell\" ><div id=\"panel-gb208-69ecd29974a58-1-0-0\" class=\"so-panel widget widget_sow-headline panel-first-child panel-last-child\" data-index=\"2\" ><div\n\t\t\t\n\t\t\tclass=\"so-widget-sow-headline so-widget-sow-headline-default-809c6ba63723-208\"\n\t\t\t\n\t\t><div class=\"sow-headline-container \">\n\t\t\t\t\t\t\t<h3 class=\"sow-headline\">\n\t\t\t\t\t\t1.Prv\u00fd kontakt\t\t\t\t\t\t<\/h3>\n\t\t\t\t\t\t<\/div>\n<\/div><\/div><\/div><div id=\"pgc-gb208-69ecd29974a58-1-1\"  class=\"panel-grid-cell\" ><div id=\"panel-gb208-69ecd29974a58-1-1-0\" class=\"so-panel widget widget_sow-editor panel-first-child panel-last-child\" data-index=\"3\" ><div\n\t\t\t\n\t\t\tclass=\"so-widget-sow-editor so-widget-sow-editor-base\"\n\t\t\t\n\t\t>\n<div class=\"siteorigin-widget-tinymce textwidget\">\n\t<p>M\u00f4\u017eete n\u00e1m zavola\u0165 na: +421 948 250\u00a0834, posla\u0165 mail na: <a href=\"mailto:vcasnaintervencia@cvilucenec.sk\">vcasnaintervencia@cvilucenec.sk<\/a>\u00a0 alebo vyplni\u0165 tento\u00a0 <a href=\"http:\/\/www.cvilucenec.sk\/?page_id=222\">kontaktn\u00fd formul\u00e1r<\/a><\/p>\n<\/div>\n<\/div><\/div><\/div><\/div><div id=\"pg-gb208-69ecd29974a58-2\"  class=\"panel-grid panel-no-style\" ><div id=\"pgc-gb208-69ecd29974a58-2-0\"  class=\"panel-grid-cell\" ><div id=\"panel-gb208-69ecd29974a58-2-0-0\" class=\"so-panel widget widget_sow-headline panel-first-child panel-last-child\" data-index=\"4\" ><div\n\t\t\t\n\t\t\tclass=\"so-widget-sow-headline so-widget-sow-headline-default-809c6ba63723-208\"\n\t\t\t\n\t\t><div class=\"sow-headline-container \">\n\t\t\t\t\t\t\t<h3 class=\"sow-headline\">\n\t\t\t\t\t\t2. Vyplnenie potrebn\u00fdch dokumentov\t\t\t\t\t\t<\/h3>\n\t\t\t\t\t\t<\/div>\n<\/div><\/div><\/div><div id=\"pgc-gb208-69ecd29974a58-2-1\"  class=\"panel-grid-cell\" ><div id=\"panel-gb208-69ecd29974a58-2-1-0\" class=\"so-panel widget widget_sow-editor panel-first-child panel-last-child\" data-index=\"5\" ><div\n\t\t\t\n\t\t\tclass=\"so-widget-sow-editor so-widget-sow-editor-base\"\n\t\t\t\n\t\t>\n<div class=\"siteorigin-widget-tinymce textwidget\">\n\t<p>Na z\u00e1klade\u00a0 prejaven\u00e9ho z\u00e1ujmu o\u00a0na\u0161e slu\u017eby V\u00e1s budeme kontaktova\u0165, za\u0161leme V\u00e1m formul\u00e1re \u017eiadosti o\u00a0slu\u017ebu v\u010dasnej intervencie spolu so s\u00fahlasom na spracovanie osobn\u00fdch \u00fadajov. Vyplnen\u00e9 \u017eiadosti n\u00e1m doru\u010d\u00edte mailom alebo po\u0161tou.<\/p>\n<\/div>\n<\/div><\/div><\/div><\/div><div id=\"pg-gb208-69ecd29974a58-3\"  class=\"panel-grid panel-no-style\" ><div id=\"pgc-gb208-69ecd29974a58-3-0\"  class=\"panel-grid-cell\" ><div id=\"panel-gb208-69ecd29974a58-3-0-0\" class=\"so-panel widget widget_sow-headline panel-first-child panel-last-child\" data-index=\"6\" ><div\n\t\t\t\n\t\t\tclass=\"so-widget-sow-headline so-widget-sow-headline-default-809c6ba63723-208\"\n\t\t\t\n\t\t><div class=\"sow-headline-container \">\n\t\t\t\t\t\t\t<h3 class=\"sow-headline\">\n\t\t\t\t\t\t3.Zavol\u00e1me V\u00e1m\t\t\t\t\t\t<\/h3>\n\t\t\t\t\t\t<\/div>\n<\/div><\/div><\/div><div id=\"pgc-gb208-69ecd29974a58-3-1\"  class=\"panel-grid-cell\" ><div id=\"panel-gb208-69ecd29974a58-3-1-0\" class=\"so-panel widget widget_sow-editor panel-first-child panel-last-child\" data-index=\"7\" ><div\n\t\t\t\n\t\t\tclass=\"so-widget-sow-editor so-widget-sow-editor-base\"\n\t\t\t\n\t\t>\n<div class=\"siteorigin-widget-tinymce textwidget\">\n\t<p>Po prijat\u00ed Va\u0161ej \u017eiadosti V\u00e1m zavol\u00e1me a\u00a0dohodneme si term\u00edn \u00favodnej konzult\u00e1cie<\/p>\n<\/div>\n<\/div><\/div><\/div><\/div><div id=\"pg-gb208-69ecd29974a58-4\"  class=\"panel-grid panel-no-style\" ><div id=\"pgc-gb208-69ecd29974a58-4-0\"  class=\"panel-grid-cell\" ><div id=\"panel-gb208-69ecd29974a58-4-0-0\" class=\"so-panel widget widget_sow-headline panel-first-child panel-last-child\" data-index=\"8\" ><div\n\t\t\t\n\t\t\tclass=\"so-widget-sow-headline so-widget-sow-headline-default-809c6ba63723-208\"\n\t\t\t\n\t\t><div class=\"sow-headline-container \">\n\t\t\t\t\t\t\t<h3 class=\"sow-headline\">\n\t\t\t\t\t\t4.Stretneme sa\t\t\t\t\t\t<\/h3>\n\t\t\t\t\t\t<\/div>\n<\/div><\/div><\/div><div id=\"pgc-gb208-69ecd29974a58-4-1\"  class=\"panel-grid-cell\" ><div id=\"panel-gb208-69ecd29974a58-4-1-0\" class=\"so-panel widget widget_sow-editor panel-first-child panel-last-child\" data-index=\"9\" ><div\n\t\t\t\n\t\t\tclass=\"so-widget-sow-editor so-widget-sow-editor-base\"\n\t\t\t\n\t\t>\n<div class=\"siteorigin-widget-tinymce textwidget\">\n\t<p>\u00davodn\u00e1 konzult\u00e1cia prebieha\u00a0 zvy\u010dajne u\u00a0n\u00e1s v\u00a0Centre, porozpr\u00e1vame sa o\u00a0Va\u0161ich o\u010dak\u00e1vaniach a\u00a0na\u0161ich mo\u017enostiach, ako V\u00e1s vieme podpori\u0165. Na stretnutie si prineste so sebou z\u00e1very z in\u00fdch odborn\u00fdch vy\u0161etren\u00ed, ak ste ich u\u017e s Va\u0161\u00edm\u00a0die\u0165a\u0165om absolvovali.<\/p>\n<\/div>\n<\/div><\/div><\/div><\/div><div id=\"pg-gb208-69ecd29974a58-5\"  class=\"panel-grid panel-no-style\" ><div id=\"pgc-gb208-69ecd29974a58-5-0\"  class=\"panel-grid-cell\" ><div id=\"panel-gb208-69ecd29974a58-5-0-0\" class=\"so-panel widget widget_sow-headline panel-first-child panel-last-child\" data-index=\"10\" ><div\n\t\t\t\n\t\t\tclass=\"so-widget-sow-headline so-widget-sow-headline-default-809c6ba63723-208\"\n\t\t\t\n\t\t><div class=\"sow-headline-container \">\n\t\t\t\t\t\t\t<h3 class=\"sow-headline\">\n\t\t\t\t\t\t5.Dohodneme sa na spolupr\u00e1ci\t\t\t\t\t\t<\/h3>\n\t\t\t\t\t\t<\/div>\n<\/div><\/div><\/div><div id=\"pgc-gb208-69ecd29974a58-5-1\"  class=\"panel-grid-cell\" ><div id=\"panel-gb208-69ecd29974a58-5-1-0\" class=\"so-panel widget widget_sow-editor panel-first-child panel-last-child\" data-index=\"11\" ><div\n\t\t\t\n\t\t\tclass=\"so-widget-sow-editor so-widget-sow-editor-base\"\n\t\t\t\n\t\t>\n<div class=\"siteorigin-widget-tinymce textwidget\">\n\t<p>Ver\u00edme, \u017ee sa n\u00e1m podar\u00ed zladi\u0165 Va\u0161e potreby a o\u010dak\u00e1vania s\u00a0na\u0161imi mo\u017enos\u0165ami a dohodneme sa na detailoch\u00a0 \u010fal\u0161ej spolupr\u00e1ce.<\/p>\n<\/div>\n<\/div><\/div><\/div><\/div><\/div>","protected":false},"excerpt":{"rendered":"<p>va\u0161e die\u0165atko sa narodilo pred\u010dasne, alebo\/a vo v\u00fdvine V\u00e1\u0161ho die\u0165a\u0165a doch\u00e1dza k oneskorovaniu v niektorej oblasti, k inakostiam, ktor\u00e9 V\u00e1s znepokojuj\u00fa a chcete sa o nich poradi\u0165 alebo\/a die\u0165atku bolo diagnostikovan\u00e9 zdravotn\u00e9 znev\u00fdhodnenie a jeho \u010fal\u0161\u00ed v\u00fdvin je rizikov\u00fd a z\u00e1rove\u0148 va\u0161e die\u0165a nie je star\u0161ie ako 7 rokov M\u00f4\u017eete n\u00e1m zavola\u0165 na: +421 948&hellip;<\/p>\n","protected":false},"author":1,"featured_media":0,"parent":0,"menu_order":0,"comment_status":"closed","ping_status":"closed","template":"","meta":{"footnotes":""},"class_list":["post-208","page","type-page","status-publish","hentry"],"_links":{"self":[{"href":"https:\/\/www.cvilucenec.sk\/index.php?rest_route=\/wp\/v2\/pages\/208","targetHints":{"allow":["GET"]}}],"collection":[{"href":"https:\/\/www.cvilucenec.sk\/index.php?rest_route=\/wp\/v2\/pages"}],"about":[{"href":"https:\/\/www.cvilucenec.sk\/index.php?rest_route=\/wp\/v2\/types\/page"}],"author":[{"embeddable":true,"href":"https:\/\/www.cvilucenec.sk\/index.php?rest_route=\/wp\/v2\/users\/1"}],"replies":[{"embeddable":true,"href":"https:\/\/www.cvilucenec.sk\/index.php?rest_route=%2Fwp%2Fv2%2Fcomments&post=208"}],"version-history":[{"count":12,"href":"https:\/\/www.cvilucenec.sk\/index.php?rest_route=\/wp\/v2\/pages\/208\/revisions"}],"predecessor-version":[{"id":466,"href":"https:\/\/www.cvilucenec.sk\/index.php?rest_route=\/wp\/v2\/pages\/208\/revisions\/466"}],"wp:attachment":[{"href":"https:\/\/www.cvilucenec.sk\/index.php?rest_route=%2Fwp%2Fv2%2Fmedia&parent=208"}],"curies":[{"name":"wp","href":"https:\/\/api.w.org\/{rel}","templated":true}]}}