{"id":2,"date":"2020-02-28T15:29:30","date_gmt":"2020-02-28T14:29:30","guid":{"rendered":"https:\/\/www.cvilucenec.sk\/?page_id=2"},"modified":"2024-07-26T13:53:40","modified_gmt":"2024-07-26T11:53:40","slug":"ukazka-strany","status":"publish","type":"page","link":"https:\/\/www.cvilucenec.sk\/","title":{"rendered":"\u00favodn\u00e1 str\u00e1nka"},"content":{"rendered":"\n<h3 class=\"wp-block-heading\"><strong>Sprev\u00e1dzame rodiny a ich deti od 0 do 7 rokov<\/strong><\/h3>\n\n\n\n<ul class=\"wp-block-list\">\n<li> <strong>ktor\u00fdch v\u00fdvin je rizikov\u00fd <\/strong><\/li>\n\n\n\n<li><strong> ohrozen\u00fd z&nbsp;d\u00f4vodu zdravotn\u00e9ho postihnutia <\/strong><\/li>\n\n\n\n<li><strong> deti so zdravotn\u00fdm znev\u00fdhodnen\u00edm <\/strong><\/li>\n<\/ul>\n\n\n\n<h5 class=\"wp-block-heading has-medium-font-size\">Slu\u017eba v\u010dasnej intervencie<\/h5>\n\n\n\n<ul class=\"wp-block-list\">\n<li> je soci\u00e1lna slu\u017eba, ktor\u00fa poskytujeme rodine v&nbsp;jej prirodzenom prostred\u00ed&nbsp; alebo v&nbsp;priestoroch n\u00e1\u0161ho centra  <\/li>\n\n\n\n<li> na Slovensku je ako odborn\u00e1 \u010dinnos\u0165 poskytovan\u00e1 od roku 2014 v \u202fr\u00e1mci soci\u00e1lnych slu\u017eieb a upravuje ju z\u00e1kon \u010d. 448\/2008 Z. z. o soci\u00e1lnych slu\u017eb\u00e1ch v znen\u00ed neskor\u0161\u00edch predpisov <\/li>\n<\/ul>\n\n\n\n<h5 class=\"wp-block-heading has-medium-font-size\">V r\u00e1mci slu\u017eby v\u010dasnej intervencie poskytujeme:<\/h5>\n\n\n\n<ul class=\"wp-block-list\">\n<li> \u0160pecializovan\u00e9 soci\u00e1lne poradenstvo <\/li>\n\n\n\n<li> Soci\u00e1lnu rehabilit\u00e1ciu <\/li>\n\n\n\n<li> Stimul\u00e1ciu komplexn\u00e9ho v\u00fdvinu die\u0165a\u0165a so zdravotn\u00fdm postihnut\u00edm <\/li>\n\n\n\n<li> Prevent\u00edvne aktivity <\/li>\n\n\n\n<li> Komunitn\u00fa rehabilit\u00e1ciu&nbsp;&nbsp;  <\/li>\n<\/ul>\n\n\n\n<h5 class=\"wp-block-heading has-medium-font-size\"> V\u00edzia<\/h5>\n\n\n\n<p>Prispievame k&nbsp;tomu, aby ka\u017ed\u00e9 die\u0165a so zdravotn\u00fdm postihnut\u00edm alebo rizikov\u00fdm v\u00fdvinom dosahovalo svoj maxim\u00e1lny potenci\u00e1l v&nbsp;bezpe\u010d\u00ed svojej rodiny.<br>Rodina je vo svojom prirodzenom prostred\u00ed v\u010das podporovan\u00e1 a&nbsp;sprev\u00e1dzan\u00e1 n\u00e1ro\u010dn\u00fdmi \u017eivotn\u00fdmi situ\u00e1ciami a t\u00e9mami, ktor\u00e9 \u017eivot v&nbsp;d\u00f4sledku \u0161peci\u00e1lnych potrieb die\u0165a\u0165a prin\u00e1\u0161a.<br>Rodina s&nbsp;die\u0165a\u0165om so zdravotn\u00fdm postihnut\u00edm m\u00e1 svoje pevn\u00e9 miesto v&nbsp;komunite, je spolo\u010dnos\u0165ou empaticky vn\u00edman\u00e1 a vyu\u017e\u00edva prirodzen\u00e9 zdroje, ktor\u00e9&nbsp;prij\u00edmaj\u00faca a podporn\u00e1 komunita pon\u00faka.<\/p>\n\n\n\n<p class=\"has-medium-font-size\"><strong>Poslanie<\/strong><\/p>\n\n\n\n<p>Zmyslom n\u00e1\u0161ho p\u00f4sobenia je podporova\u0165 rodinu die\u0165a\u0165a so zdravotn\u00fdm postihnut\u00edm v&nbsp;nap\u013a\u0148an\u00ed jej potrieb a funkcie, napom\u00e1ha\u0165 prijatiu rodiny komunitou, v&nbsp;ktorej \u017eije. Ver\u00edme, \u017ee to m\u00e1 rozhoduj\u00faci v\u00fdznam pre kvalitu \u017eivota ka\u017ed\u00e9ho zo z\u00fa\u010dastnen\u00fdch.<br>Na\u0161\u00edm poslan\u00edm je v\u010das sprev\u00e1dza\u0165 rodiny det\u00ed s rizikov\u00fdm v\u00fdvinom a zdravotn\u00fdm postihnut\u00edm- posil\u0148ova\u0165 kompetencie rodi\u010dov v&nbsp;podpore v\u00fdvinu die\u0165a\u0165a v&nbsp;prirodzenom prostred\u00ed, v\u010das identifikova\u0165 a n\u00e1sledne rie\u0161i\u0165 v\u00fdzvy spojen\u00e9 s&nbsp;\u0165a\u017ekos\u0165ami vo v\u00fdvine &#8211; sk\u00f4r, ako sa preh\u013abia do z\u00e1va\u017enej\u0161\u00edch probl\u00e9mov die\u0165a\u0165a a rodiny.<\/p>\n\n\n\n<p class=\"has-medium-font-size\"><strong>Na\u0161e hodnoty<\/strong><\/p>\n\n\n\n<ul class=\"wp-block-list\">\n<li><em>Re\u0161pekt, \u00facta, d\u00f4stojnos\u0165 a bezpe\u010die<\/em> &#8211; re\u0161pektujeme individu\u00e1lne potreby prij\u00edmate\u013eov na\u0161ej slu\u017eby, re\u0161pektujeme a&nbsp;ct\u00edme si \u013eudsk\u00e9 pr\u00e1va a&nbsp;slobody det\u00ed, rod\u00edn, n\u00e1s, v\u0161etk\u00fdch&#8230;<\/li>\n<\/ul>\n\n\n\n<ul class=\"wp-block-list\">\n<li><em>Nez\u00e1vislos\u0165<\/em>&#8211; podporujeme pr\u00e1vo na nez\u00e1visl\u00fd \u017eivot \u013eud\u00ed so zdravotn\u00fdm postihnut\u00edm v&nbsp;prirodzenom prostred\u00ed &#8211; v&nbsp;rodine, v komunite, sna\u017e\u00edme sa predch\u00e1dza\u0165 ich in\u0161titucionaliz\u00e1cii.&nbsp;<\/li>\n<\/ul>\n\n\n\n<ul class=\"wp-block-list\">\n<li><em>Empatia a&nbsp;prijatie<\/em>&#8211; vych\u00e1dzame z&nbsp;prijatia individuality det\u00ed&nbsp; a&nbsp;ich&nbsp;rod\u00edn a&nbsp;usilujeme sa o&nbsp;inkl\u00faziu prij\u00edmate\u013eov na\u0161ej slu\u017eby do spolo\u010dnosti. Usilujeme sa o&nbsp;to, aby rodiny s&nbsp;de\u0165mi so zdravotn\u00fdm postihnut\u00edm mohli \u017ei\u0165 plnohodnotn\u00fd \u017eivot v komunite, ktor\u00e1 prij\u00edma podobnosti i&nbsp;rozdiely.<\/li>\n<\/ul>\n\n\n\n<ul class=\"wp-block-list\">\n<li><em>Rovnos\u0165<\/em> &#8211;\u00a0 na\u0161e slu\u017eby s\u00fa zalo\u017een\u00e9 a\u00a0poskytovan\u00e9 ich opr\u00e1vnen\u00fdm prij\u00edmate\u013eom bez rozdielu a bez akejko\u013evek diskrimin\u00e1cie .<\/li>\n\n\n\n<li><em>Partnerstvo a\u00a0spolupr\u00e1ca<\/em> \u2013 rodiny sa st\u00e1vaj\u00fa na\u0161imi partnermi a\u00a0\u010dlenmi n\u00e1\u0161ho t\u00edmu, akt\u00edvne spolupracuj\u00fa na v\u00fdbere cie\u013eov a\u00a0tvorbe svojho individu\u00e1lneho\u00a0pl\u00e1nu. Kladieme d\u00f4raz na spoluzodpovednos\u0165 a d\u00f4le\u017eitos\u0165 spolurozhodovania rod\u00edn v\u00a0celom procese, ch\u00e1panie svojho pr\u00ednosu pre spolo\u010dnos\u0165 a vn\u00edmanie\u00a0svojich otvoren\u00fdch mo\u017enost\u00ed.<\/li>\n<\/ul>\n\n\n\n<ul class=\"wp-block-list\">\n<li><\/li>\n<\/ul>\n\n\n<div id=\"pl-gb2-69ecbacd58dad\"  class=\"panel-layout\" ><div id=\"pg-gb2-69ecbacd58dad-0\"  class=\"panel-grid panel-no-style\" ><div id=\"pgc-gb2-69ecbacd58dad-0-0\"  class=\"panel-grid-cell\" ><div id=\"panel-gb2-69ecbacd58dad-0-0-0\" class=\"so-panel widget widget_sow-button panel-first-child panel-last-child\" data-index=\"0\" ><div\n\t\t\t\n\t\t\tclass=\"so-widget-sow-button so-widget-sow-button-atom-f54c0409268f-2\"\n\t\t\t\n\t\t><div class=\"ow-button-base ow-button-align-center\"\n>\n\t\t\t<a\n\t\t\t\t\thref=\"https:\/\/www.cvilucenec.sk\/?page_id=116\"\n\t\t\t\t\tclass=\"sowb-button ow-icon-placement-right ow-button-hover\" \t>\n\t\t<span>\n\t\t\t\t\t\t\t<div class=\"sow-icon-image\" style=\"background-image: url(https:\/\/www.cvilucenec.sk\/wp-content\/uploads\/2020\/03\/cvi_logo.png)\"><\/div>\n\t\t\t\t\n\t\t\tChcem vedie\u0165 viac\t\t<\/span>\n\t\t\t<\/a>\n\t<\/div>\n<\/div><\/div><\/div><\/div><\/div>\n\n\n<h5 class=\"wp-block-heading\"> Slu\u017ebu v\u010dasnej intervencie poskytujeme rodin\u00e1m&nbsp;v&nbsp;Banskobystrickom samospr\u00e1vnom kraji.<\/h5>\n\n\n\n<p><\/p>\n\n\n\n<p><\/p>\n\n\n<div id=\"pl-gb2-69ecbacd59f15\"  class=\"panel-layout\" ><div id=\"pg-gb2-69ecbacd59f15-0\"  class=\"panel-grid panel-no-style\" ><div id=\"pgc-gb2-69ecbacd59f15-0-0\"  class=\"panel-grid-cell\" ><div id=\"panel-gb2-69ecbacd59f15-0-0-0\" class=\"so-panel widget widget_sow-features panel-first-child\" data-index=\"0\" ><div\n\t\t\t\n\t\t\tclass=\"so-widget-sow-features so-widget-sow-features-default-77f001ebc433-2\"\n\t\t\t\n\t\t><\/div><\/div><div id=\"panel-gb2-69ecbacd59f15-0-0-1\" class=\"so-panel widget widget_sow-features panel-last-child\" data-index=\"1\" ><div\n\t\t\t\n\t\t\tclass=\"so-widget-sow-features so-widget-sow-features-default-77f001ebc433-2\"\n\t\t\t\n\t\t><\/div><\/div><\/div><\/div><div id=\"pg-gb2-69ecbacd59f15-1\"  class=\"panel-grid panel-no-style\" ><div id=\"pgc-gb2-69ecbacd59f15-1-0\"  class=\"panel-grid-cell\" ><div id=\"panel-gb2-69ecbacd59f15-1-0-0\" class=\"so-panel widget widget_sow-headline panel-first-child panel-last-child\" data-index=\"2\" ><div\n\t\t\t\n\t\t\tclass=\"so-widget-sow-headline so-widget-sow-headline-default-809c6ba63723-2\"\n\t\t\t\n\t\t><div class=\"sow-headline-container \">\n\t\t\t\t\t\t\t<h3 class=\"sow-headline\">\n\t\t\t\t\t\tNa\u0161i hlavn\u00ed partneri:\t\t\t\t\t\t<\/h3>\n\t\t\t\t\t\t<\/div>\n<\/div><\/div><\/div><div id=\"pgc-gb2-69ecbacd59f15-1-1\"  class=\"panel-grid-cell\" ><div id=\"panel-gb2-69ecbacd59f15-1-1-0\" class=\"so-panel widget widget_sow-image panel-first-child panel-last-child\" data-index=\"3\" ><div\n\t\t\t\n\t\t\tclass=\"so-widget-sow-image so-widget-sow-image-default-8b5b6f678277-2\"\n\t\t\t\n\t\t>\n<div class=\"sow-image-container\">\n\t\t\t<a href=\"https:\/\/www.bbsk.sk\/\"\n\t\t\ttarget=\"_blank\" rel=\"noopener noreferrer\" \t\t>\n\t\t\t<img \n\tsrc=\"https:\/\/www.cvilucenec.sk\/wp-content\/uploads\/2020\/03\/BBSK.png\" width=\"259\" height=\"95\" sizes=\"(max-width: 259px) 100vw, 259px\" alt=\"\" \t\tclass=\"so-widget-image\"\/>\n\t\t\t<\/a><\/div>\n\n<\/div><\/div><\/div><div id=\"pgc-gb2-69ecbacd59f15-1-2\"  class=\"panel-grid-cell\" ><div id=\"panel-gb2-69ecbacd59f15-1-2-0\" class=\"so-panel widget widget_sow-image panel-first-child panel-last-child\" data-index=\"4\" ><div\n\t\t\t\n\t\t\tclass=\"so-widget-sow-image so-widget-sow-image-default-8b5b6f678277-2\"\n\t\t\t\n\t\t>\n<div class=\"sow-image-container\">\n\t\t\t<a href=\"https:\/\/www.socia.sk\/\"\n\t\t\ttarget=\"_blank\" rel=\"noopener noreferrer\" \t\t>\n\t\t\t<img \n\tsrc=\"https:\/\/www.cvilucenec.sk\/wp-content\/uploads\/2020\/03\/socia_bold-ma.png\" width=\"250\" height=\"88\" sizes=\"(max-width: 250px) 100vw, 250px\" title=\"socia_bold ma\" alt=\"\" \t\tclass=\"so-widget-image\"\/>\n\t\t\t<\/a><\/div>\n\n<\/div><\/div><\/div><\/div><div id=\"pg-gb2-69ecbacd59f15-2\"  class=\"panel-grid panel-no-style\" ><div id=\"pgc-gb2-69ecbacd59f15-2-0\"  class=\"panel-grid-cell\" ><div id=\"panel-gb2-69ecbacd59f15-2-0-0\" class=\"so-panel widget widget_sow-features panel-first-child\" data-index=\"5\" ><div\n\t\t\t\n\t\t\tclass=\"so-widget-sow-features so-widget-sow-features-default-77f001ebc433-2\"\n\t\t\t\n\t\t><\/div><\/div><div id=\"panel-gb2-69ecbacd59f15-2-0-1\" class=\"so-panel widget widget_sow-features panel-last-child\" data-index=\"6\" ><div\n\t\t\t\n\t\t\tclass=\"so-widget-sow-features so-widget-sow-features-default-77f001ebc433-2\"\n\t\t\t\n\t\t><\/div><\/div><\/div><\/div><div id=\"pg-gb2-69ecbacd59f15-3\"  class=\"panel-grid panel-no-style\" ><div id=\"pgc-gb2-69ecbacd59f15-3-0\"  class=\"panel-grid-cell\" ><div id=\"panel-gb2-69ecbacd59f15-3-0-0\" class=\"so-panel widget widget_sow-headline panel-first-child panel-last-child\" data-index=\"7\" ><div\n\t\t\t\n\t\t\tclass=\"so-widget-sow-headline so-widget-sow-headline-default-809c6ba63723-2\"\n\t\t\t\n\t\t><div class=\"sow-headline-container \">\n\t\t\t\t\t\t\t<h3 class=\"sow-headline\">\n\t\t\t\t\t\tPodporili n\u00e1s:\t\t\t\t\t\t<\/h3>\n\t\t\t\t\t\t<\/div>\n<\/div><\/div><\/div><div id=\"pgc-gb2-69ecbacd59f15-3-1\"  class=\"panel-grid-cell\" ><div id=\"panel-gb2-69ecbacd59f15-3-1-0\" class=\"so-panel widget widget_sow-image panel-first-child\" data-index=\"8\" ><div\n\t\t\t\n\t\t\tclass=\"so-widget-sow-image so-widget-sow-image-default-8b5b6f678277-2\"\n\t\t\t\n\t\t>\n<div class=\"sow-image-container\">\n\t\t\t<a href=\"https:\/\/nadaciaeph.sk\"\n\t\t\ttarget=\"_blank\" rel=\"noopener noreferrer\" \t\t>\n\t\t\t<img \n\tsrc=\"https:\/\/www.cvilucenec.sk\/wp-content\/uploads\/2020\/04\/eph.png\" width=\"1241\" height=\"211\" srcset=\"https:\/\/www.cvilucenec.sk\/wp-content\/uploads\/2020\/04\/eph.png 1241w, https:\/\/www.cvilucenec.sk\/wp-content\/uploads\/2020\/04\/eph-300x51.png 300w, https:\/\/www.cvilucenec.sk\/wp-content\/uploads\/2020\/04\/eph-1024x174.png 1024w, https:\/\/www.cvilucenec.sk\/wp-content\/uploads\/2020\/04\/eph-768x131.png 768w\" sizes=\"(max-width: 1241px) 100vw, 1241px\" alt=\"\" \t\tclass=\"so-widget-image\"\/>\n\t\t\t<\/a><\/div>\n\n<\/div><\/div><div id=\"panel-gb2-69ecbacd59f15-3-1-1\" class=\"so-panel widget widget_sow-image panel-last-child\" data-index=\"9\" ><div\n\t\t\t\n\t\t\tclass=\"so-widget-sow-image so-widget-sow-image-default-8b5b6f678277-2\"\n\t\t\t\n\t\t>\n<div class=\"sow-image-container\">\n\t\t\t<a href=\"https:\/\/nadaciaeph.sk\"\n\t\t\ttarget=\"_blank\" rel=\"noopener noreferrer\" \t\t>\n\t\t\t<img \n\tsrc=\"https:\/\/www.cvilucenec.sk\/wp-content\/uploads\/2020\/12\/e\u0161te-mali\u010d\u010di\u010dkejsie-.png\" width=\"402\" height=\"88\" srcset=\"https:\/\/www.cvilucenec.sk\/wp-content\/uploads\/2020\/12\/e\u0161te-mali\u010d\u010di\u010dkejsie-.png 402w, https:\/\/www.cvilucenec.sk\/wp-content\/uploads\/2020\/12\/e\u0161te-mali\u010d\u010di\u010dkejsie--300x66.png 300w\" sizes=\"(max-width: 402px) 100vw, 402px\" title=\"e\u0161te mali\u010d\u010di\u010dkejsie\" alt=\"\" \t\tclass=\"so-widget-image\"\/>\n\t\t\t<\/a><\/div>\n\n<\/div><\/div><\/div><div id=\"pgc-gb2-69ecbacd59f15-3-2\"  class=\"panel-grid-cell\" ><div id=\"panel-gb2-69ecbacd59f15-3-2-0\" class=\"so-panel widget widget_sow-image panel-first-child\" data-index=\"10\" ><div\n\t\t\t\n\t\t\tclass=\"so-widget-sow-image so-widget-sow-image-default-8b5b6f678277-2\"\n\t\t\t\n\t\t>\n<div class=\"sow-image-container\">\n\t\t<img \n\tsrc=\"https:\/\/www.cvilucenec.sk\/wp-content\/uploads\/2020\/09\/CVI_na-bok.jpg\" width=\"150\" height=\"63\" srcset=\"https:\/\/www.cvilucenec.sk\/wp-content\/uploads\/2020\/09\/CVI_na-bok.jpg 448w, https:\/\/www.cvilucenec.sk\/wp-content\/uploads\/2020\/09\/CVI_na-bok-300x125.jpg 300w\" sizes=\"(max-width: 150px) 100vw, 150px\" title=\"CVI_na bok\" alt=\"\" \t\tclass=\"so-widget-image\"\/>\n\t<\/div>\n\n<\/div><\/div><div id=\"panel-gb2-69ecbacd59f15-3-2-1\" class=\"so-panel widget widget_sow-image panel-last-child\" data-index=\"11\" ><div\n\t\t\t\n\t\t\tclass=\"so-widget-sow-image so-widget-sow-image-default-8b5b6f678277-2\"\n\t\t\t\n\t\t>\n<div class=\"sow-image-container\">\n\t\t<img \n\tsrc=\"https:\/\/www.cvilucenec.sk\/wp-content\/uploads\/2020\/12\/dobromat-logo-oranzove.png\" width=\"150\" height=\"150\" srcset=\"https:\/\/www.cvilucenec.sk\/wp-content\/uploads\/2020\/12\/dobromat-logo-oranzove.png 320w, https:\/\/www.cvilucenec.sk\/wp-content\/uploads\/2020\/12\/dobromat-logo-oranzove-300x300.png 300w, https:\/\/www.cvilucenec.sk\/wp-content\/uploads\/2020\/12\/dobromat-logo-oranzove-150x150.png 150w\" sizes=\"(max-width: 150px) 100vw, 150px\" alt=\"\" \t\tclass=\"so-widget-image\"\/>\n\t<\/div>\n\n<\/div><\/div><\/div><\/div><div id=\"pg-gb2-69ecbacd59f15-4\"  class=\"panel-grid panel-no-style\" ><div id=\"pgc-gb2-69ecbacd59f15-4-0\"  class=\"panel-grid-cell panel-grid-cell-empty\" ><\/div><div id=\"pgc-gb2-69ecbacd59f15-4-1\"  class=\"panel-grid-cell\" ><div id=\"panel-gb2-69ecbacd59f15-4-1-0\" class=\"so-panel widget widget_sow-headline panel-first-child\" data-index=\"12\" ><div\n\t\t\t\n\t\t\tclass=\"so-widget-sow-headline so-widget-sow-headline-default-809c6ba63723-2\"\n\t\t\t\n\t\t><div class=\"sow-headline-container \">\n\t\t\t\t\t\t\t<h3 class=\"sow-headline\">\n\t\t\t\t\t\tErik Kru\u017eliak &#8211; Kru\u017eliak Art\t\t\t\t\t\t<\/h3>\n\t\t\t\t\t\t<\/div>\n<\/div><\/div><div id=\"panel-gb2-69ecbacd59f15-4-1-1\" class=\"so-panel widget widget_sow-headline panel-last-child\" data-index=\"13\" ><div\n\t\t\t\n\t\t\tclass=\"so-widget-sow-headline so-widget-sow-headline-default-809c6ba63723-2\"\n\t\t\t\n\t\t><div class=\"sow-headline-container \">\n\t\t\t\t\t\t\t<h3 class=\"sow-headline\">\n\t\t\t\t\t\tGabriela Bos\u00e1kov\u00e1\t\t\t\t\t\t<\/h3>\n\t\t\t\t\t\t<\/div>\n<\/div><\/div><\/div><div id=\"pgc-gb2-69ecbacd59f15-4-2\"  class=\"panel-grid-cell\" ><div id=\"panel-gb2-69ecbacd59f15-4-2-0\" class=\"so-panel widget widget_sow-headline panel-first-child\" data-index=\"14\" ><div\n\t\t\t\n\t\t\tclass=\"so-widget-sow-headline so-widget-sow-headline-default-2262d4bc156d-2\"\n\t\t\t\n\t\t><div class=\"sow-headline-container \">\n\t\t\t\t\t\t\t<h3 class=\"sow-headline\">\n\t\t\t\t\t\tMirka Sarva\u0161ov\u00e1\t\t\t\t\t\t<\/h3>\n\t\t\t\t\t\t<\/div>\n<\/div><\/div><div id=\"panel-gb2-69ecbacd59f15-4-2-1\" class=\"so-panel widget widget_sow-headline panel-last-child\" data-index=\"15\" ><div\n\t\t\t\n\t\t\tclass=\"so-widget-sow-headline so-widget-sow-headline-default-2262d4bc156d-2\"\n\t\t\t\n\t\t><div class=\"sow-headline-container \">\n\t\t\t\t\t\t\t<h3 class=\"sow-headline\">\n\t\t\t\t\t\tCatalin Dimitriu\t\t\t\t\t\t<\/h3>\n\t\t\t\t\t\t<\/div>\n<\/div><\/div><\/div><\/div><\/div>","protected":false},"excerpt":{"rendered":"<p>Sprev\u00e1dzame rodiny a ich deti od 0 do 7 rokov Slu\u017eba v\u010dasnej intervencie V r\u00e1mci slu\u017eby v\u010dasnej intervencie poskytujeme: V\u00edzia Prispievame k&nbsp;tomu, aby ka\u017ed\u00e9 die\u0165a so zdravotn\u00fdm postihnut\u00edm alebo rizikov\u00fdm v\u00fdvinom dosahovalo svoj maxim\u00e1lny potenci\u00e1l v&nbsp;bezpe\u010d\u00ed svojej rodiny.Rodina je vo svojom prirodzenom prostred\u00ed v\u010das podporovan\u00e1 a&nbsp;sprev\u00e1dzan\u00e1 n\u00e1ro\u010dn\u00fdmi \u017eivotn\u00fdmi situ\u00e1ciami a t\u00e9mami, ktor\u00e9 \u017eivot v&nbsp;d\u00f4sledku \u0161peci\u00e1lnych&hellip;<\/p>\n","protected":false},"author":1,"featured_media":0,"parent":0,"menu_order":0,"comment_status":"closed","ping_status":"open","template":"","meta":{"footnotes":""},"class_list":["post-2","page","type-page","status-publish","hentry"],"_links":{"self":[{"href":"https:\/\/www.cvilucenec.sk\/index.php?rest_route=\/wp\/v2\/pages\/2","targetHints":{"allow":["GET"]}}],"collection":[{"href":"https:\/\/www.cvilucenec.sk\/index.php?rest_route=\/wp\/v2\/pages"}],"about":[{"href":"https:\/\/www.cvilucenec.sk\/index.php?rest_route=\/wp\/v2\/types\/page"}],"author":[{"embeddable":true,"href":"https:\/\/www.cvilucenec.sk\/index.php?rest_route=\/wp\/v2\/users\/1"}],"replies":[{"embeddable":true,"href":"https:\/\/www.cvilucenec.sk\/index.php?rest_route=%2Fwp%2Fv2%2Fcomments&post=2"}],"version-history":[{"count":45,"href":"https:\/\/www.cvilucenec.sk\/index.php?rest_route=\/wp\/v2\/pages\/2\/revisions"}],"predecessor-version":[{"id":513,"href":"https:\/\/www.cvilucenec.sk\/index.php?rest_route=\/wp\/v2\/pages\/2\/revisions\/513"}],"wp:attachment":[{"href":"https:\/\/www.cvilucenec.sk\/index.php?rest_route=%2Fwp%2Fv2%2Fmedia&parent=2"}],"curies":[{"name":"wp","href":"https:\/\/api.w.org\/{rel}","templated":true}]}}