{"id":222,"date":"2020-03-21T16:50:09","date_gmt":"2020-03-21T15:50:09","guid":{"rendered":"http:\/\/www.cvilucenec.sk\/?page_id=222"},"modified":"2022-01-17T12:45:35","modified_gmt":"2022-01-17T11:45:35","slug":"kontaktny-formular","status":"publish","type":"page","link":"http:\/\/www.cvilucenec.sk\/?page_id=222","title":{"rendered":"Kontaktn\u00fd formul\u00e1r"},"content":{"rendered":"<div id=\"pl-gb222-69f4ec8406fb1\"  class=\"panel-layout\" ><div id=\"pg-gb222-69f4ec8406fb1-0\"  class=\"panel-grid panel-has-style\" ><div class=\"siteorigin-panels-stretch panel-row-style panel-row-style-for-gb222-69f4ec8406fb1-0\" data-stretch-type=\"full\" ><div id=\"pgc-gb222-69f4ec8406fb1-0-0\"  class=\"panel-grid-cell\" ><div id=\"panel-gb222-69f4ec8406fb1-0-0-0\" class=\"so-panel widget widget_sow-contact-form panel-first-child panel-last-child\" data-index=\"0\" ><div\n\t\t\t\n\t\t\tclass=\"so-widget-sow-contact-form so-widget-sow-contact-form-default-0fe46087885d-222\"\n\t\t\t\n\t\t>\t<form\n\t\taction=\"\/index.php?rest_route=%2Fwp%2Fv2%2Fpages%2F222\"\n\t\tmethod=\"POST\"\n\t\tclass=\"sow-contact-form\"\n\t\tid=\"contact-form-eb5e\"\n\t>\n\n\t\t\n\t\t            <p><em>Polia ozna\u010den\u00e9 * s\u00fa povinn\u00e9<\/em><\/p>\n\t\t\t\t\t\t<div class=\"sow-form-field sow-form-field-name\">\n\t\t\t\t<label class=\"sow-form-field-label-above\" for=\"sow-contact-form-field-vase-meno-1\">\n\t\t\t\t<strong>\n\t\t\t\t\tVa\u0161e meno\t\t\t\t\t\t\t\t\t\t\t<span class=\"sow-form-field-required\">*<\/span>\n\t\t\t\t\t\t\t\t\t<\/strong>\n\t\t\t<\/label>\n\t\t\t\t\t\t\t<div class=\"sow-field-container\">\n\t\t\t\t\t\t\t<input\n\t\t\ttype=\"text\"\n\t\t\tname=\"vase-meno-1\"\n\t\t\tid=\"sow-contact-form-field-vase-meno-1\"\n\t\t\tvalue=\"\"\n\t\t\tclass=\"sow-text-field\"\n\t\t\t\t\t\taria-describedby=\"sow-contact-form-field-vase-meno-1-description\" \t\t\/>\n\t\t\t\t\t\t\t\t<div\n\t\t\t\t\t\t\tclass=\"sow-form-field-description\"\n\t\t\t\t\t\t\tid=\"sow-contact-form-field-vase-meno-1-description\"\n\t\t\t\t\t\t>\n\t\t\t\t\t\t\tVa\u0161e meno apriezvisko\t\t\t\t\t\t<\/div>\n\t\t\t\t\t\t\t\t\t\t<\/div>\n\t\t\t\t\t\t\t<\/div>\n\t\t\t\t\t\t<div class=\"sow-form-field sow-form-field-email\">\n\t\t\t\t<label class=\"sow-form-field-label-above\" for=\"sow-contact-form-field-vas-email-1\">\n\t\t\t\t<strong>\n\t\t\t\t\tV\u00e1\u0161 email\t\t\t\t\t\t\t\t\t\t\t<span class=\"sow-form-field-required\">*<\/span>\n\t\t\t\t\t\t\t\t\t<\/strong>\n\t\t\t<\/label>\n\t\t\t\t\t\t\t<div class=\"sow-field-container\">\n\t\t\t\t\t\t\t<input\n\t\t\ttype=\"email\"\n\t\t\tname=\"vas-email-1\"\n\t\t\tid=\"sow-contact-form-field-vas-email-1\"\n\t\t\tvalue=\"\"\n\t\t\tclass=\"sow-text-field\"\t\t\taria-describedby=\"sow-contact-form-field-vas-email-1-description\" \t\t\t\t\t\/>\n\t\t\t\t\t\t\t\t<div\n\t\t\t\t\t\t\tclass=\"sow-form-field-description\"\n\t\t\t\t\t\t\tid=\"sow-contact-form-field-vas-email-1-description\"\n\t\t\t\t\t\t>\n\t\t\t\t\t\t\tVa\u0161a emailov\u00e1 adresa\t\t\t\t\t\t<\/div>\n\t\t\t\t\t\t\t\t\t\t<\/div>\n\t\t\t\t\t\t\t<\/div>\n\t\t\t\t\t\t<div class=\"sow-form-field sow-form-field-subject\">\n\t\t\t\t<label class=\"sow-form-field-label-above\" for=\"sow-contact-form-field-predmet-1\">\n\t\t\t\t<strong>\n\t\t\t\t\tPredmet\t\t\t\t\t\t\t\t\t<\/strong>\n\t\t\t<\/label>\n\t\t\t\t\t\t\t<div class=\"sow-field-container\">\n\t\t\t\t\t\t\t<input\n\t\t\ttype=\"text\"\n\t\t\tname=\"predmet-1\"\n\t\t\tid=\"sow-contact-form-field-predmet-1\"\n\t\t\tvalue=\"\"\n\t\t\tclass=\"sow-text-field\"\n\t\t\t\t\t\t\t\t\/>\n\t\t\t\t\t\t<\/div>\n\t\t\t\t\t\t\t<\/div>\n\t\t\t\t\t\t<div class=\"sow-form-field sow-form-field-textarea\">\n\t\t\t\t<label class=\"sow-form-field-label-above\" for=\"sow-contact-form-field-sprava-1\">\n\t\t\t\t<strong>\n\t\t\t\t\tSpr\u00e1va\t\t\t\t\t\t\t\t\t\t\t<span class=\"sow-form-field-required\">*<\/span>\n\t\t\t\t\t\t\t\t\t<\/strong>\n\t\t\t<\/label>\n\t\t\t\t\t\t\t<div class=\"sow-field-container\">\n\t\t\t\t\t\t\t<textarea\n\t\t\tname=\"sprava-1\"\n\t\t\tid=\"sow-contact-form-field-sprava-1\"\n\t\t\trows=\"10\"\n\t\t\t\t\t\taria-describedby=\"sow-contact-form-field-sprava-1-description\" \t\t><\/textarea>\n\t\t\t\t\t\t\t\t<div\n\t\t\t\t\t\t\tclass=\"sow-form-field-description\"\n\t\t\t\t\t\t\tid=\"sow-contact-form-field-sprava-1-description\"\n\t\t\t\t\t\t>\n\t\t\t\t\t\t\tText spr\u00e1vy\t\t\t\t\t\t<\/div>\n\t\t\t\t\t\t\t\t\t\t<\/div>\n\t\t\t\t\t\t\t<\/div>\n\t\t\t\n\t\t\t\t\t<div class=\"sow-recaptcha\"\n\t\t\t\t\t\t\t\t\tdata-config=\"{&quot;sitekey&quot;:&quot;6Ld4yRoeAAAAABz-goB-NPa2ZUomL_YlXN0cRYOM&quot;,&quot;theme&quot;:&quot;light&quot;,&quot;type&quot;:&quot;image&quot;,&quot;size&quot;:&quot;normal&quot;}\"\n\t\t\t\t\t\t\t><\/div>\n\t\t\t\n\t\t<div class=\"sow-submit-wrapper \n\t\tsow-submit-styled\t\t\">\n\n\t\t\t<button\n\t\t\t\ttype=\"submit\"\n\t\t\t\tclass=\"sow-submit\n\t\t\t\t\t\t\t\t\"\n\t\t\t\t\t\t\t>\n\t\t\t\tOdosla\u0165\t\t\t<\/button>\n\t\t<\/div>\n\t\t\t\t<input\n\t\t\ttype=\"hidden\"\n\t\t\tname=\"instance_hash-1\"\n\t\t\tvalue=\"eb5e5fd0\"\n\t\t\/>\n\n\t\t<input type=\"hidden\" id=\"_wpnonce\" name=\"_wpnonce\" value=\"266e6333c8\" \/><input type=\"hidden\" name=\"_wp_http_referer\" value=\"\/index.php?rest_route=%2Fwp%2Fv2%2Fpages%2F222\" \/>\t<\/form>\n\t<\/div><\/div><\/div><\/div><\/div><\/div>","protected":false},"excerpt":{"rendered":"","protected":false},"author":1,"featured_media":0,"parent":0,"menu_order":0,"comment_status":"closed","ping_status":"closed","template":"","meta":{"footnotes":""},"class_list":["post-222","page","type-page","status-publish","hentry"],"_links":{"self":[{"href":"http:\/\/www.cvilucenec.sk\/index.php?rest_route=\/wp\/v2\/pages\/222","targetHints":{"allow":["GET"]}}],"collection":[{"href":"http:\/\/www.cvilucenec.sk\/index.php?rest_route=\/wp\/v2\/pages"}],"about":[{"href":"http:\/\/www.cvilucenec.sk\/index.php?rest_route=\/wp\/v2\/types\/page"}],"author":[{"embeddable":true,"href":"http:\/\/www.cvilucenec.sk\/index.php?rest_route=\/wp\/v2\/users\/1"}],"replies":[{"embeddable":true,"href":"http:\/\/www.cvilucenec.sk\/index.php?rest_route=%2Fwp%2Fv2%2Fcomments&post=222"}],"version-history":[{"count":16,"href":"http:\/\/www.cvilucenec.sk\/index.php?rest_route=\/wp\/v2\/pages\/222\/revisions"}],"predecessor-version":[{"id":454,"href":"http:\/\/www.cvilucenec.sk\/index.php?rest_route=\/wp\/v2\/pages\/222\/revisions\/454"}],"wp:attachment":[{"href":"http:\/\/www.cvilucenec.sk\/index.php?rest_route=%2Fwp%2Fv2%2Fmedia&parent=222"}],"curies":[{"name":"wp","href":"https:\/\/api.w.org\/{rel}","templated":true}]}}